{"id":4987,"date":"2025-07-29T11:50:12","date_gmt":"2025-07-29T09:50:12","guid":{"rendered":"https:\/\/sandbox.campusdescriptura.com\/condiciones-de-matriculacion\/"},"modified":"2026-02-27T10:09:19","modified_gmt":"2026-02-27T09:09:19","slug":"condiciones-de-matriculacion","status":"publish","type":"page","link":"https:\/\/dev.campusdescriptura.com\/es\/condiciones-de-matriculacion\/","title":{"rendered":"Condiciones de matriculaci\u00f3n"},"content":{"rendered":"\n<div class=\"wp-block-uagb-container uagb-block-977bcba0 alignfull uagb-is-root-container\"><div class=\"uagb-container-inner-blocks-wrap\">\n<div class=\"wp-block-uagb-container uagb-block-f8a55198\">\n<h1 class=\"wp-block-heading has-white-color has-text-color has-link-color wp-elements-dedd75d4e1f9daa860a5ccf723ec3ed6\">Condiciones de matriculaci\u00f3n<\/h1>\n<\/div>\n\n\n\n<div class=\"wp-block-uagb-container uagb-block-db17aa83\"><\/div>\n<\/div><\/div>\n\n<div class=\"wp-block-uagb-container uagb-block-a5efc39d alignfull uagb-is-root-container\"><div class=\"uagb-container-inner-blocks-wrap\">\n<ol start=\"1\" style=\"margin-top:0;margin-right:0;margin-bottom:0;margin-left:0;padding-top:var(--wp--preset--spacing--80);padding-right:var(--wp--preset--spacing--80);padding-bottom:var(--wp--preset--spacing--80);padding-left:var(--wp--preset--spacing--80)\" class=\"wp-block-list\">\n<li style=\"margin-top:var(--wp--preset--spacing--30);margin-right:var(--wp--preset--spacing--30);margin-bottom:var(--wp--preset--spacing--30);margin-left:var(--wp--preset--spacing--30)\">Los cursos y actividades de la Escuela de Escritura del Ateneu Barcelon\u00e8s se llevan a cabo en los siguientes formatos: presencial en el aula, presencial dual (en el aula y por Zoom), videoconferencia (Zoom) o campus virtual (Moodle).<\/li>\n\n\n\n<li style=\"padding-top:var(--wp--preset--spacing--30);padding-right:var(--wp--preset--spacing--30);padding-bottom:var(--wp--preset--spacing--30);padding-left:var(--wp--preset--spacing--30)\">Los precios de los cursos presenciales incluyen las cuotas de socio o socia del Ateneu Barcelon\u00e8s correspondientes a la duraci\u00f3n del curso. En el momento de formalizar la inscripci\u00f3n en un curso presencial, el alumnado deber\u00e1 abonar el importe total de las cuotas; a partir de ese momento, tendr\u00e1 la consideraci\u00f3n de socio o socia durante el per\u00edodo en que se desarrolle el curso.<\/li>\n\n\n\n<li style=\"padding-top:var(--wp--preset--spacing--30);padding-right:var(--wp--preset--spacing--30);padding-bottom:var(--wp--preset--spacing--30);padding-left:var(--wp--preset--spacing--30)\">El alumnado de la Escuela de Escritura que ya sea socio o socia del Ateneu Barcelon\u00e8s con anterioridad a su inscripci\u00f3n en un curso presencial no deber\u00e1 abonar la cuota.<\/li>\n\n\n\n<li style=\"padding-top:var(--wp--preset--spacing--30);padding-right:var(--wp--preset--spacing--30);padding-bottom:var(--wp--preset--spacing--30);padding-left:var(--wp--preset--spacing--30)\">El alumnado de los cursos presenciales duales (en el aula) deber\u00e1 abonar las cuotas de socio o socia del Ateneu Barcelon\u00e8s. Quien opte por el formato presencial dual Zoom no deber\u00e1 pagar la cuota de socio o socia del Ateneu Barcelon\u00e8s, pero en ning\u00fan caso podr\u00e1 asistir a las clases presenciales en el aula.<\/li>\n\n\n\n<li style=\"padding-top:var(--wp--preset--spacing--30);padding-right:var(--wp--preset--spacing--30);padding-bottom:var(--wp--preset--spacing--30);padding-left:var(--wp--preset--spacing--30)\"><strong>El importe \u00edntegro de la matr\u00edcula se hace efectivo en el momento de la inscripci\u00f3n al curso y conlleva la reserva de plaza.<\/strong><\/li>\n\n\n\n<li style=\"padding-top:var(--wp--preset--spacing--30);padding-right:var(--wp--preset--spacing--30);padding-bottom:var(--wp--preset--spacing--30);padding-left:var(--wp--preset--spacing--30)\">Si el pago se realiza mediante un ingreso o una transferencia bancaria, la matr\u00edcula se considera definitiva en el momento en que la secretar\u00eda de la Escuela de Escritura recibe el comprobante del ingreso o la transferencia.<\/li>\n\n\n\n<li style=\"padding-top:var(--wp--preset--spacing--30);padding-right:var(--wp--preset--spacing--30);padding-bottom:var(--wp--preset--spacing--30);padding-left:var(--wp--preset--spacing--30)\">Si el pago se realiza mediante el financiamiento InstantCredit de Banc Sabadell y el curso se cancela, en ning\u00fan caso se devolver\u00e1 el importe de las comisiones abonadas a la entidad financiera.<\/li>\n\n\n\n<li style=\"padding-top:var(--wp--preset--spacing--30);padding-right:var(--wp--preset--spacing--30);padding-bottom:var(--wp--preset--spacing--30);padding-left:var(--wp--preset--spacing--30)\">La Escuela de Escritura se reserva el derecho de cancelar un curso si no hay suficiente alumnado matriculado. En este caso, la Escuela devolver\u00e1 el importe \u00edntegro de la matr\u00edcula (con la excepci\u00f3n de las comisiones del Banc Sabadell mencionadas en el punto 7).<\/li>\n\n\n\n<li style=\"padding-top:var(--wp--preset--spacing--30);padding-right:var(--wp--preset--spacing--30);padding-bottom:var(--wp--preset--spacing--30);padding-left:var(--wp--preset--spacing--30)\">La Escuela de Escritura se reserva el derecho de aplazar la fecha de inicio de un curso por causa justificada e informar\u00e1 oportunamente de esta incidencia al alumnado inscrito en el curso.<\/li>\n\n\n\n<li style=\"padding-top:var(--wp--preset--spacing--30);padding-right:var(--wp--preset--spacing--30);padding-bottom:var(--wp--preset--spacing--30);padding-left:var(--wp--preset--spacing--30)\">Si por causa justificada un alumno o alumna no puede iniciar el curso en el que se ha matriculado, la Escuela de Escritura le devolver\u00e1 el 80\u202f% del importe de la matr\u00edcula, siempre que lo comunique con un m\u00ednimo de una semana de antelaci\u00f3n al inicio del curso.<\/li>\n\n\n\n<li style=\"padding-top:var(--wp--preset--spacing--30);padding-right:var(--wp--preset--spacing--30);padding-bottom:var(--wp--preset--spacing--30);padding-left:var(--wp--preset--spacing--30)\"><strong>Una vez iniciado el curso, en ning\u00fan caso se devolver\u00e1 el importe de la matr\u00edcula. <\/strong><\/li>\n\n\n\n<li style=\"padding-top:var(--wp--preset--spacing--30);padding-right:var(--wp--preset--spacing--30);padding-bottom:var(--wp--preset--spacing--30);padding-left:var(--wp--preset--spacing--30)\"><strong>Una vez iniciadas las clases, no se podr\u00e1n realizar cambios de curso ni de grupo.<\/strong> <\/li>\n\n\n\n<li style=\"padding-top:var(--wp--preset--spacing--30);padding-right:var(--wp--preset--spacing--30);padding-bottom:var(--wp--preset--spacing--30);padding-left:var(--wp--preset--spacing--30)\">Es imprescindible que el alumnado inscrito en un curso de la Escuela se ponga en contacto con la secretar\u00eda del centro mediante correo electr\u00f3nico para comunicar formalmente las incidencias significativas que puedan surgir. Esto incluye los casos en los que el alumno o la alumna no pueda continuar el curso que ha iniciado y solicite la baja por motivos justificados. En ning\u00fan caso es v\u00e1lida la comunicaci\u00f3n realizada \u00fanicamente al profesorado.<\/li>\n\n\n\n<li style=\"padding-top:var(--wp--preset--spacing--30);padding-right:var(--wp--preset--spacing--30);padding-bottom:var(--wp--preset--spacing--30);padding-left:var(--wp--preset--spacing--30)\">La Escuela de Escritura se reserva el derecho a sustituir temporalmente o a cambiar de docente por causas de fuerza mayor, tanto antes de comenzar las clases como una vez iniciadas.<\/li>\n\n\n\n<li style=\"padding-top:var(--wp--preset--spacing--30);padding-right:var(--wp--preset--spacing--30);padding-bottom:var(--wp--preset--spacing--30);padding-left:var(--wp--preset--spacing--30)\">Los cursos se programan por semanas naturales. En el caso de que alguna de las sesiones coincida con un d\u00eda festivo, la clase se recuperar\u00e1 procurando, siempre que sea posible, desarrollarla el mismo d\u00eda de la semana y en el horario habitual del curso. Del mismo modo ocurre en caso de enfermedad o ausencia del profesorado, o si surge un imprevisto que impida llevar a cabo la sesi\u00f3n. <\/li>\n\n\n\n<li style=\"padding-top:var(--wp--preset--spacing--30);padding-right:var(--wp--preset--spacing--30);padding-bottom:var(--wp--preset--spacing--30);padding-left:var(--wp--preset--spacing--30)\"><strong>Matricularse en la Escuela de Escritura implica aceptar la metodolog\u00eda de trabajo propia del centro y participar con una actitud positiva y respetuosa en la din\u00e1mica de las clases.<\/strong><\/li>\n\n\n\n<li style=\"padding-top:var(--wp--preset--spacing--30);padding-right:var(--wp--preset--spacing--30);padding-bottom:var(--wp--preset--spacing--30);padding-left:var(--wp--preset--spacing--30)\">Doy mi autorizaci\u00f3n para recibir informaci\u00f3n sobre las actividades de la Escuela de Escritura a trav\u00e9s de mi correo electr\u00f3nico.<\/li>\n\n\n\n<li style=\"padding-top:var(--wp--preset--spacing--30);padding-right:var(--wp--preset--spacing--30);padding-bottom:var(--wp--preset--spacing--30);padding-left:var(--wp--preset--spacing--30)\">Que el alumnado d\u00e9 su conformidad a este documento implica la aceptaci\u00f3n de todas las condiciones de matriculaci\u00f3n. <\/li>\n\n\n\n<li style=\"padding-top:var(--wp--preset--spacing--30);padding-right:var(--wp--preset--spacing--30);padding-bottom:var(--wp--preset--spacing--30);padding-left:var(--wp--preset--spacing--30)\">La Escuela de Escritura del Ateneu Barcelon\u00e8s puede aplicar las medidas necesarias y oportunas en caso de incumplimiento de alguna de las condiciones de matriculaci\u00f3n.<\/li>\n\n\n\n<li style=\"padding-top:var(--wp--preset--spacing--30);padding-right:var(--wp--preset--spacing--30);padding-bottom:var(--wp--preset--spacing--30);padding-left:var(--wp--preset--spacing--30)\">Manifiesto que soy mayor de edad. Asimismo, certifico que todos los datos que contiene el formulario de inscripci\u00f3n al curso son correctos.<\/li>\n\n\n\n<li style=\"padding-top:var(--wp--preset--spacing--30);padding-right:var(--wp--preset--spacing--30);padding-bottom:var(--wp--preset--spacing--30);padding-left:var(--wp--preset--spacing--30)\">Desistimiento de matr\u00edcula en un curso de la Escuela:<br\/>El desistimiento consiste en la anulaci\u00f3n total de la matr\u00edcula con derecho a la devoluci\u00f3n del importe \u00edntegro, siempre que se solicite dentro de los catorce (14) d\u00edas naturales posteriores a su formalizaci\u00f3n.<\/li>\n\n\n\n<li style=\"padding-top:var(--wp--preset--spacing--30);padding-right:var(--wp--preset--spacing--30);padding-bottom:var(--wp--preset--spacing--30);padding-left:var(--wp--preset--spacing--30)\">Consecuencias del ejercicio del derecho de desistimiento:<br\/>Si ejerces tu derecho de desistimiento de la matr\u00edcula en un curso, la Escuela proceder\u00e1 a la devoluci\u00f3n, en un plazo m\u00e1ximo de catorce (14) d\u00edas naturales, de todo lo que hayas pagado por dicho curso, contando desde la fecha en que hayas realizado la solicitud.<br\/>Por este motivo, si no nos env\u00edas tus datos bancarios por correo electr\u00f3nico para que podamos llevar a cabo la devoluci\u00f3n correspondiente, no ser\u00e1 posible efectuar el reembolso del importe.<br\/>Si te matriculas en un curso durante el mes de julio y solicitas el pago en dos plazos (con domiciliaci\u00f3n bancaria para el segundo pago), te devolveremos el importe del primer pago dentro de los catorce (14) d\u00edas naturales; pero, para la segunda fracci\u00f3n, deber\u00e1s contactar con tu entidad bancaria para solicitar la devoluci\u00f3n del recibo. En caso de que no hayas solicitado esta devoluci\u00f3n, la Escuela tramitar\u00e1 la devoluci\u00f3n del importe del segundo pago una vez transcurridos los cincuenta y seis (56) d\u00edas que establece la normativa bancaria.<\/li>\n<\/ol>\n<\/div><\/div>\n","protected":false},"excerpt":{"rendered":"<p>Condiciones de matriculaci\u00f3n<\/p>\n","protected":false},"author":4,"featured_media":0,"parent":0,"menu_order":0,"comment_status":"closed","ping_status":"closed","template":"","meta":{"_acf_changed":false,"inline_featured_image":false,"_uag_custom_page_level_css":"","footnotes":""},"class_list":["post-4987","page","type-page","status-publish","hentry"],"acf":[],"yoast_head":"<!-- This site is optimized with the Yoast SEO plugin v27.0 - https:\/\/yoast.com\/product\/yoast-seo-wordpress\/ -->\n<title>Condiciones de matriculaci\u00f3n - Escola d&#039;Escriptura de Ateneu Barcelon\u00e8s<\/title>\n<meta name=\"robots\" content=\"index, follow, max-snippet:-1, max-image-preview:large, max-video-preview:-1\" \/>\n<link rel=\"canonical\" href=\"https:\/\/dev.campusdescriptura.com\/es\/condiciones-de-matriculacion\/\" \/>\n<meta property=\"og:locale\" content=\"es_ES\" \/>\n<meta property=\"og:type\" content=\"article\" \/>\n<meta property=\"og:title\" content=\"Condiciones de matriculaci\u00f3n - Escola d&#039;Escriptura de Ateneu Barcelon\u00e8s\" \/>\n<meta property=\"og:description\" content=\"Condiciones de matriculaci\u00f3n\" \/>\n<meta property=\"og:url\" content=\"https:\/\/dev.campusdescriptura.com\/es\/condiciones-de-matriculacion\/\" \/>\n<meta property=\"og:site_name\" content=\"Escola d&#039;Escriptura de Ateneu Barcelon\u00e8s\" \/>\n<meta property=\"article:modified_time\" content=\"2026-02-27T09:09:19+00:00\" \/>\n<meta name=\"twitter:card\" content=\"summary_large_image\" \/>\n<meta name=\"twitter:label1\" content=\"Tiempo de lectura\" \/>\n\t<meta name=\"twitter:data1\" content=\"6 minutos\" \/>\n<script type=\"application\/ld+json\" class=\"yoast-schema-graph\">{\"@context\":\"https:\/\/schema.org\",\"@graph\":[{\"@type\":\"WebPage\",\"@id\":\"https:\/\/dev.campusdescriptura.com\/es\/condiciones-de-matriculacion\/\",\"url\":\"https:\/\/dev.campusdescriptura.com\/es\/condiciones-de-matriculacion\/\",\"name\":\"Condiciones de matriculaci\u00f3n - Escola d&#039;Escriptura de Ateneu Barcelon\u00e8s\",\"isPartOf\":{\"@id\":\"https:\/\/www.campusdescriptura.com\/#website\"},\"datePublished\":\"2025-07-29T09:50:12+00:00\",\"dateModified\":\"2026-02-27T09:09:19+00:00\",\"breadcrumb\":{\"@id\":\"https:\/\/dev.campusdescriptura.com\/es\/condiciones-de-matriculacion\/#breadcrumb\"},\"inLanguage\":\"es\",\"potentialAction\":[{\"@type\":\"ReadAction\",\"target\":[\"https:\/\/dev.campusdescriptura.com\/es\/condiciones-de-matriculacion\/\"]}]},{\"@type\":\"BreadcrumbList\",\"@id\":\"https:\/\/dev.campusdescriptura.com\/es\/condiciones-de-matriculacion\/#breadcrumb\",\"itemListElement\":[{\"@type\":\"ListItem\",\"position\":1,\"name\":\"Inici\",\"item\":\"https:\/\/www.campusdescriptura.com\/es\/\"},{\"@type\":\"ListItem\",\"position\":2,\"name\":\"Condiciones de matriculaci\u00f3n\"}]},{\"@type\":\"WebSite\",\"@id\":\"https:\/\/www.campusdescriptura.com\/#website\",\"url\":\"https:\/\/www.campusdescriptura.com\/\",\"name\":\"Escola d'escriptura\",\"description\":\"Comen\u00e7a la teva hist\u00f2ria\",\"potentialAction\":[{\"@type\":\"SearchAction\",\"target\":{\"@type\":\"EntryPoint\",\"urlTemplate\":\"https:\/\/www.campusdescriptura.com\/?s={search_term_string}\"},\"query-input\":{\"@type\":\"PropertyValueSpecification\",\"valueRequired\":true,\"valueName\":\"search_term_string\"}}],\"inLanguage\":\"es\"}]}<\/script>\n<!-- \/ Yoast SEO plugin. -->","yoast_head_json":{"title":"Condiciones de matriculaci\u00f3n - Escola d&#039;Escriptura de Ateneu Barcelon\u00e8s","robots":{"index":"index","follow":"follow","max-snippet":"max-snippet:-1","max-image-preview":"max-image-preview:large","max-video-preview":"max-video-preview:-1"},"canonical":"https:\/\/dev.campusdescriptura.com\/es\/condiciones-de-matriculacion\/","og_locale":"es_ES","og_type":"article","og_title":"Condiciones de matriculaci\u00f3n - Escola d&#039;Escriptura de Ateneu Barcelon\u00e8s","og_description":"Condiciones de matriculaci\u00f3n","og_url":"https:\/\/dev.campusdescriptura.com\/es\/condiciones-de-matriculacion\/","og_site_name":"Escola d&#039;Escriptura de Ateneu Barcelon\u00e8s","article_modified_time":"2026-02-27T09:09:19+00:00","twitter_card":"summary_large_image","twitter_misc":{"Tiempo de lectura":"6 minutos"},"schema":{"@context":"https:\/\/schema.org","@graph":[{"@type":"WebPage","@id":"https:\/\/dev.campusdescriptura.com\/es\/condiciones-de-matriculacion\/","url":"https:\/\/dev.campusdescriptura.com\/es\/condiciones-de-matriculacion\/","name":"Condiciones de matriculaci\u00f3n - Escola d&#039;Escriptura de Ateneu Barcelon\u00e8s","isPartOf":{"@id":"https:\/\/www.campusdescriptura.com\/#website"},"datePublished":"2025-07-29T09:50:12+00:00","dateModified":"2026-02-27T09:09:19+00:00","breadcrumb":{"@id":"https:\/\/dev.campusdescriptura.com\/es\/condiciones-de-matriculacion\/#breadcrumb"},"inLanguage":"es","potentialAction":[{"@type":"ReadAction","target":["https:\/\/dev.campusdescriptura.com\/es\/condiciones-de-matriculacion\/"]}]},{"@type":"BreadcrumbList","@id":"https:\/\/dev.campusdescriptura.com\/es\/condiciones-de-matriculacion\/#breadcrumb","itemListElement":[{"@type":"ListItem","position":1,"name":"Inici","item":"https:\/\/www.campusdescriptura.com\/es\/"},{"@type":"ListItem","position":2,"name":"Condiciones de matriculaci\u00f3n"}]},{"@type":"WebSite","@id":"https:\/\/www.campusdescriptura.com\/#website","url":"https:\/\/www.campusdescriptura.com\/","name":"Escola d'escriptura","description":"Comen\u00e7a la teva hist\u00f2ria","potentialAction":[{"@type":"SearchAction","target":{"@type":"EntryPoint","urlTemplate":"https:\/\/www.campusdescriptura.com\/?s={search_term_string}"},"query-input":{"@type":"PropertyValueSpecification","valueRequired":true,"valueName":"search_term_string"}}],"inLanguage":"es"}]}},"uagb_featured_image_src":{"full":false,"thumbnail":false,"medium":false,"medium_large":false,"large":false,"1536x1536":false,"2048x2048":false,"gform-image-choice-sm":false,"gform-image-choice-md":false,"gform-image-choice-lg":false,"woocommerce_thumbnail":false,"woocommerce_single":false,"woocommerce_gallery_thumbnail":false},"uagb_author_info":{"display_name":"Anna","author_link":"https:\/\/dev.campusdescriptura.com\/es\/author\/anna\/"},"uagb_comment_info":0,"uagb_excerpt":"Condiciones de matriculaci\u00f3n","_links":{"self":[{"href":"https:\/\/dev.campusdescriptura.com\/es\/wp-json\/wp\/v2\/pages\/4987","targetHints":{"allow":["GET"]}}],"collection":[{"href":"https:\/\/dev.campusdescriptura.com\/es\/wp-json\/wp\/v2\/pages"}],"about":[{"href":"https:\/\/dev.campusdescriptura.com\/es\/wp-json\/wp\/v2\/types\/page"}],"author":[{"embeddable":true,"href":"https:\/\/dev.campusdescriptura.com\/es\/wp-json\/wp\/v2\/users\/4"}],"replies":[{"embeddable":true,"href":"https:\/\/dev.campusdescriptura.com\/es\/wp-json\/wp\/v2\/comments?post=4987"}],"version-history":[{"count":2,"href":"https:\/\/dev.campusdescriptura.com\/es\/wp-json\/wp\/v2\/pages\/4987\/revisions"}],"predecessor-version":[{"id":5933,"href":"https:\/\/dev.campusdescriptura.com\/es\/wp-json\/wp\/v2\/pages\/4987\/revisions\/5933"}],"wp:attachment":[{"href":"https:\/\/dev.campusdescriptura.com\/es\/wp-json\/wp\/v2\/media?parent=4987"}],"curies":[{"name":"wp","href":"https:\/\/api.w.org\/{rel}","templated":true}]}}