{"id":5057,"date":"2025-07-25T11:20:10","date_gmt":"2025-07-25T09:20:10","guid":{"rendered":"https:\/\/sandbox.campusdescriptura.com\/matriculacion-descuentos-y-servicios\/"},"modified":"2026-03-17T13:06:24","modified_gmt":"2026-03-17T12:06:24","slug":"matriculacion-descuentos-y-servicios","status":"publish","type":"page","link":"https:\/\/dev.campusdescriptura.com\/es\/matriculacion-descuentos-y-servicios\/","title":{"rendered":"Matriculaci\u00f3n, descuentos y servicios"},"content":{"rendered":"\n<div class=\"wp-block-uagb-container uagb-block-d2e53a2e alignfull uagb-is-root-container\"><div class=\"uagb-container-inner-blocks-wrap\">\n<h2 class=\"wp-block-heading has-text-align-center\">C\u00f3mo formalizar la inscripci\u00f3n<\/h2>\n\n\n\n<p class=\"has-text-align-center\"><\/p>\n<\/div><\/div>\n\n\n\n<div class=\"wp-block-uagb-container uagb-block-39036cea alignfull uagb-is-root-container\"><div class=\"uagb-container-inner-blocks-wrap\">\n<div class=\"wp-block-uagb-container uagb-block-250cc3a0\">\n<p class=\"has-primary-dark-color has-text-color has-link-color has-fraunces-font-family has-medium-font-size wp-elements-e8fe6a1620cf070a0b6e8c912653159e\" style=\"margin-top:0;margin-bottom:0;padding-top:0;padding-bottom:0\"><strong><strong>1. ACTIVAR TU PLAZA EN EL CURSO QUE QUIERAS<\/strong><\/strong><\/p>\n\n\n\n<p style=\"margin-top:0;margin-bottom:0;padding-top:0;padding-bottom:0\">Solo tienes que ir a la ficha del curso que quieras realizar y hacer clic en el bot\u00f3n de inscripci\u00f3n. Aqu\u00ed puedes consultar el mapa de cursos: <\/p>\n<\/div>\n\n\n\n<div class=\"wp-block-uagb-container uagb-block-69048c77\">\n<p class=\"has-primary-dark-color has-text-color has-link-color has-fraunces-font-family has-medium-font-size wp-elements-d64a5905a15e04394a1f8dc39bb1911e\" style=\"margin-top:0;margin-bottom:0;padding-top:0;padding-bottom:0\"><strong>2.<\/strong> <strong>PAGAR<\/strong><\/p>\n\n\n\n<p style=\"margin-top:0;margin-bottom:0;padding-top:0;padding-bottom:0\">Podr\u00e1s pagar los cursos con tarjeta de cr\u00e9dito o mediante transferencia bancaria al n\u00famero de cuenta que te indicaremos una vez realizada la prereserva de plaza.<\/p>\n<\/div>\n\n\n\n<div class=\"wp-block-uagb-container uagb-block-8ccd7984\">\n<p class=\"has-primary-dark-color has-text-color has-link-color has-fraunces-font-family has-medium-font-size wp-elements-8df6e4ea00e80754d34810bc79f4dbc2\" style=\"margin-top:0;margin-bottom:0;padding-top:0;padding-bottom:0\"><strong><strong>3. FINANCIACI\u00d3N Y DESCUENTOS<\/strong><\/strong><\/p>\n\n\n\n<p style=\"margin-top:0;margin-bottom:0;padding-top:0;padding-bottom:0\">Si eres socio\/a o miembro de las entidades con las que colaboramos, puedes obtener descuentos en el precio de los cursos. Y, si lo prefieres, tambi\u00e9n puedes financiar tu curso en 3, 6 o 9 plazos. <\/p>\n<\/div>\n<\/div><\/div>\n\n\n\n<div class=\"wp-block-uagb-container uagb-block-adfa44be alignfull uagb-is-root-container\"><div class=\"uagb-container-inner-blocks-wrap\">\n<h2 class=\"wp-block-heading has-white-color has-text-color has-link-color wp-elements-7e6ba1cd1d85d35a2ce34d3db465b7d2\" style=\"margin-top:0;margin-bottom:0\">Financiaci\u00f3n<\/h2>\n\n\n\n<p class=\"has-white-color has-text-color has-link-color has-fraunces-font-family has-medium-font-size wp-elements-cbbc35b786aa0ba9bf365486cf023919\" style=\"margin-top:0;margin-bottom:0;padding-top:0;padding-bottom:0\">Hay diferentes posibilidades de financiaci\u00f3n de cursos:<\/p>\n<\/div><\/div>\n\n\n\n<div class=\"wp-block-uagb-container uagb-block-95205e21 alignfull uagb-is-root-container\"><div class=\"uagb-container-inner-blocks-wrap\">\n<div class=\"wp-block-uagb-container uagb-block-13b72201 alignfull uagb-is-root-container\"><div class=\"uagb-container-inner-blocks-wrap\">\n<div class=\"wp-block-uagb-container uagb-block-b8fe650f\">\n<h3 class=\"wp-block-heading\" style=\"margin-top:0;margin-right:0;margin-bottom:0;margin-left:0;padding-top:0;padding-right:0;padding-bottom:0;padding-left:0\">InstantCredit con Sabadell Consumer<\/h3>\n\n\n\n<p><em>InstantCredit <\/em>es un sistema de financiaci\u00f3n instant\u00e1nea y 100% digital de Sabadell Consumer. \u00a1Ah\u00f3rrate el papeleo! <\/p>\n\n\n\n<div class=\"wp-block-buttons is-content-justification-right is-layout-flex wp-container-core-buttons-is-layout-d445cf74 wp-block-buttons-is-layout-flex\">\n<div class=\"wp-block-button\" id=\"https:\/\/www.campusdescriptura.com\/instacredit\/\"><a class=\"wp-block-button__link has-white-color has-primary-background-color has-text-color has-background has-link-color wp-element-button\" href=\"https:\/\/www.campusdescriptura.com\/es\/instantcredit\/\" target=\"_blank\" rel=\"noreferrer noopener\"><strong>M\u00e1s informaci\u00f3n<\/strong><\/a><\/div>\n<\/div>\n<\/div>\n\n\n\n<div class=\"wp-block-uagb-container uagb-block-b36e70fb\">\n<h3 class=\"wp-block-heading\" style=\"margin-top:0;margin-right:0;margin-bottom:0;margin-left:0;padding-top:0;padding-right:0;padding-bottom:0;padding-left:0\">Pago en dos plazos (julio)<\/h3>\n\n\n\n<p>Si, durante el mes de julio, te inscribes en un curso presencial de 60 horas o m\u00e1s y lo indicas a la secretar\u00eda de la Escuela en el momento de matricularte, tendr\u00e1s un 10\u202f% de descuento en el precio del curso (precio sin incluir la cuota de socio\/a del Ateneu).<\/p>\n<\/div>\n<\/div><\/div>\n<\/div><\/div>\n\n\n\n<div class=\"wp-block-uagb-container uagb-block-d8bae5a4 alignfull uagb-is-root-container\"><div class=\"uagb-container-inner-blocks-wrap\">\n<h2 class=\"wp-block-heading\">Descuentos<\/h2>\n<\/div><\/div>\n\n\n\n<div class=\"wp-block-uagb-container uagb-block-9383ff40 alignfull uagb-is-root-container\"><div class=\"uagb-container-inner-blocks-wrap\">\n<div class=\"wp-block-uagb-container uagb-block-f61c64a3\"><div>\n\t\t<img decoding=\"async\" class=\"mb-4\" src=\"https:\/\/dev.campusdescriptura.com\/wp-content\/uploads\/2025\/07\/Pressupost-1.svg\" alt=\"Entidades colaboradoras\" \/>\n\t\t<p class=\"text-4xl font-semibold mb-2\">5%<\/p>\n\t<p class=\"text-xl\"><strong>Entidades colaboradoras<\/strong><\/p>\n\t\t<p>Si ets membre o soci\/s\u00f2cia d&#8217;una de les entitats col\u00b7laboradores de l&#8217;Escola i ho indiques en el moment de matricular-te en un curs, tindr\u00e0s un 5% de descompte.<\/p>    \n\t<\/div><\/div>\n\n\n\n<div class=\"wp-block-uagb-container uagb-block-e6402fd6\"><div>\n\t\t<img decoding=\"async\" class=\"mb-4\" src=\"https:\/\/dev.campusdescriptura.com\/wp-content\/uploads\/2025\/07\/Pressupost-1.svg\" alt=\"Promoci\u00f3n de julio\" \/>\n\t\t<p class=\"text-4xl font-semibold mb-2\">10%<\/p>\n\t<p class=\"text-xl\"><strong>Promoci\u00f3n de julio<\/strong><\/p>\n\t\t<p>Si, durant el mes de juliol, et matricules en un curs de 60 o 90 hores o en un curs virtual anual (de 8 mesos), tindr\u00e0s un 10% de descompte.<\/p>    \n\t<\/div><\/div>\n<\/div><\/div>\n\n\n\n<div class=\"wp-block-uagb-container uagb-block-b28faaa7 alignfull uagb-is-root-container\"><div class=\"uagb-container-inner-blocks-wrap\"><div class=\"splide logos-ticker splide-ticker\" role=\"group\" aria-label=\"L\u2019escola dels escriptors\">\n\t<div class=\"splide__track\">\n\t\t<ul class=\"splide__list\">\n\t\t\t\t\t\t\t\t\t\t\t\t<li class=\"splide__slide\">\n\t\t\t\t\t\t<img decoding=\"async\" src=\"https:\/\/dev.campusdescriptura.com\/wp-content\/uploads\/2026\/03\/Abacus-1.webp\" alt=\"\" \/>\n\t\t\t\t\t<\/li>\n\t\t\t\t\t\t\t\t\t<li class=\"splide__slide\">\n\t\t\t\t\t\t<img decoding=\"async\" src=\"https:\/\/dev.campusdescriptura.com\/wp-content\/uploads\/2026\/03\/Accio-Cultural-Pais-Valencia-1-1024x206.webp\" alt=\"\" \/>\n\t\t\t\t\t<\/li>\n\t\t\t\t\t\t\t\t\t<li class=\"splide__slide\">\n\t\t\t\t\t\t<img decoding=\"async\" src=\"https:\/\/dev.campusdescriptura.com\/wp-content\/uploads\/2026\/03\/ACEC-1-1024x755.webp\" alt=\"\" \/>\n\t\t\t\t\t<\/li>\n\t\t\t\t\t\t\t\t\t<li class=\"splide__slide\">\n\t\t\t\t\t\t<img decoding=\"async\" src=\"https:\/\/dev.campusdescriptura.com\/wp-content\/uploads\/2026\/03\/AELC-1.webp\" alt=\"\" \/>\n\t\t\t\t\t<\/li>\n\t\t\t\t\t\t\t\t\t<li class=\"splide__slide\">\n\t\t\t\t\t\t<img decoding=\"async\" src=\"https:\/\/dev.campusdescriptura.com\/wp-content\/uploads\/2026\/03\/ajelc-1.webp\" alt=\"\" \/>\n\t\t\t\t\t<\/li>\n\t\t\t\t\t\t\t\t\t<li class=\"splide__slide\">\n\t\t\t\t\t\t<img decoding=\"async\" src=\"https:\/\/dev.campusdescriptura.com\/wp-content\/uploads\/2026\/03\/alumni-ub-logo-1.webp\" alt=\"\" \/>\n\t\t\t\t\t<\/li>\n\t\t\t\t\t\t\t\t\t<li class=\"splide__slide\">\n\t\t\t\t\t\t<img decoding=\"async\" src=\"https:\/\/dev.campusdescriptura.com\/wp-content\/uploads\/2026\/03\/Arc-1.webp\" alt=\"\" \/>\n\t\t\t\t\t<\/li>\n\t\t\t\t\t\t\t\t\t<li class=\"splide__slide\">\n\t\t\t\t\t\t<img decoding=\"async\" src=\"https:\/\/dev.campusdescriptura.com\/wp-content\/uploads\/2026\/03\/Biblio-Andorra-1.webp\" alt=\"\" \/>\n\t\t\t\t\t<\/li>\n\t\t\t\t\t\t\t\t\t<li class=\"splide__slide\">\n\t\t\t\t\t\t<img decoding=\"async\" src=\"https:\/\/dev.campusdescriptura.com\/wp-content\/uploads\/2026\/03\/Biblioteques-Bcn-1.webp\" alt=\"\" \/>\n\t\t\t\t\t<\/li>\n\t\t\t\t\t\t\t\t\t<li class=\"splide__slide\">\n\t\t\t\t\t\t<img decoding=\"async\" src=\"https:\/\/dev.campusdescriptura.com\/wp-content\/uploads\/2026\/03\/Blanquerna_Centre_Cultural-400-1.webp\" alt=\"\" \/>\n\t\t\t\t\t<\/li>\n\t\t\t\t\t\t\t\t\t<li class=\"splide__slide\">\n\t\t\t\t\t\t<img decoding=\"async\" src=\"https:\/\/dev.campusdescriptura.com\/wp-content\/uploads\/2026\/03\/Bubok-1-1024x378.webp\" alt=\"\" \/>\n\t\t\t\t\t<\/li>\n\t\t\t\t\t\t\t\t\t<li class=\"splide__slide\">\n\t\t\t\t\t\t<img decoding=\"async\" src=\"https:\/\/dev.campusdescriptura.com\/wp-content\/uploads\/2026\/03\/Ca-la-Dona-1.webp\" alt=\"\" \/>\n\t\t\t\t\t<\/li>\n\t\t\t\t\t\t\t\t\t<li class=\"splide__slide\">\n\t\t\t\t\t\t<img decoding=\"async\" src=\"https:\/\/dev.campusdescriptura.com\/wp-content\/uploads\/2026\/03\/Carnet-Jove-1.webp\" alt=\"\" \/>\n\t\t\t\t\t<\/li>\n\t\t\t\t\t\t\t\t\t<li class=\"splide__slide\">\n\t\t\t\t\t\t<img decoding=\"async\" src=\"https:\/\/dev.campusdescriptura.com\/wp-content\/uploads\/2026\/03\/Club-Vanguardia-1.webp\" alt=\"\" \/>\n\t\t\t\t\t<\/li>\n\t\t\t\t\t\t\t\t\t<li class=\"splide__slide\">\n\t\t\t\t\t\t<img decoding=\"async\" src=\"https:\/\/dev.campusdescriptura.com\/wp-content\/uploads\/2026\/03\/Dede-Ateneus-1-1024x382.webp\" alt=\"\" \/>\n\t\t\t\t\t<\/li>\n\t\t\t\t\t\t\t\t\t<li class=\"splide__slide\">\n\t\t\t\t\t\t<img decoding=\"async\" src=\"https:\/\/dev.campusdescriptura.com\/wp-content\/uploads\/2026\/03\/Directa-1.webp\" alt=\"\" \/>\n\t\t\t\t\t<\/li>\n\t\t\t\t\t\t\t\t\t<li class=\"splide__slide\">\n\t\t\t\t\t\t<img decoding=\"async\" src=\"https:\/\/dev.campusdescriptura.com\/wp-content\/uploads\/2026\/03\/EN-1-1024x226.webp\" alt=\"\" \/>\n\t\t\t\t\t<\/li>\n\t\t\t\t\t\t\t\t\t<li class=\"splide__slide\">\n\t\t\t\t\t\t<img decoding=\"async\" src=\"https:\/\/dev.campusdescriptura.com\/wp-content\/uploads\/2026\/03\/Fnac-1.webp\" alt=\"\" \/>\n\t\t\t\t\t<\/li>\n\t\t\t\t\t\t\t\t\t<li class=\"splide__slide\">\n\t\t\t\t\t\t<img decoding=\"async\" src=\"https:\/\/dev.campusdescriptura.com\/wp-content\/uploads\/2026\/03\/Fundacio-Joan-Brossa-1-1024x332.webp\" alt=\"\" \/>\n\t\t\t\t\t<\/li>\n\t\t\t\t\t\t\t\t\t<li class=\"splide__slide\">\n\t\t\t\t\t\t<img decoding=\"async\" src=\"https:\/\/dev.campusdescriptura.com\/wp-content\/uploads\/2026\/03\/Goethe-1.webp\" alt=\"\" \/>\n\t\t\t\t\t<\/li>\n\t\t\t\t\t\t\t\t\t<li class=\"splide__slide\">\n\t\t\t\t\t\t<img decoding=\"async\" src=\"https:\/\/dev.campusdescriptura.com\/wp-content\/uploads\/2026\/03\/ISIC-1-1024x408.webp\" alt=\"\" \/>\n\t\t\t\t\t<\/li>\n\t\t\t\t\t\t\t\t\t<li class=\"splide__slide\">\n\t\t\t\t\t\t<img decoding=\"async\" src=\"https:\/\/dev.campusdescriptura.com\/wp-content\/uploads\/2026\/03\/La-Central-1.webp\" alt=\"\" \/>\n\t\t\t\t\t<\/li>\n\t\t\t\t\t\t\t\t\t<li class=\"splide__slide\">\n\t\t\t\t\t\t<img decoding=\"async\" src=\"https:\/\/dev.campusdescriptura.com\/wp-content\/uploads\/2026\/03\/LL-1.webp\" alt=\"\" \/>\n\t\t\t\t\t<\/li>\n\t\t\t\t\t\t\t\t\t<li class=\"splide__slide\">\n\t\t\t\t\t\t<img decoding=\"async\" src=\"https:\/\/dev.campusdescriptura.com\/wp-content\/uploads\/2026\/03\/logo-EADAAlumni-2011-mayuscula-positivo-1-1024x306.webp\" alt=\"\" \/>\n\t\t\t\t\t<\/li>\n\t\t\t\t\t\t\t\t\t<li class=\"splide__slide\">\n\t\t\t\t\t\t<img decoding=\"async\" src=\"https:\/\/dev.campusdescriptura.com\/wp-content\/uploads\/2026\/03\/logo-altair_cat-1.webp\" alt=\"\" \/>\n\t\t\t\t\t<\/li>\n\t\t\t\t\t\t\t\t\t<li class=\"splide__slide\">\n\t\t\t\t\t\t<img decoding=\"async\" src=\"https:\/\/dev.campusdescriptura.com\/wp-content\/uploads\/2026\/03\/Obra-Cultural-Balear-1-1024x631.webp\" alt=\"\" \/>\n\t\t\t\t\t<\/li>\n\t\t\t\t\t\t\t\t\t<li class=\"splide__slide\">\n\t\t\t\t\t\t<img decoding=\"async\" src=\"https:\/\/dev.campusdescriptura.com\/wp-content\/uploads\/2026\/03\/Omnium-1.webp\" alt=\"\" \/>\n\t\t\t\t\t<\/li>\n\t\t\t\t\t\t\t\t\t<li class=\"splide__slide\">\n\t\t\t\t\t\t<img decoding=\"async\" src=\"https:\/\/dev.campusdescriptura.com\/wp-content\/uploads\/2026\/03\/Que-Leer-1.webp\" alt=\"\" \/>\n\t\t\t\t\t<\/li>\n\t\t\t\t\t\t\t\t\t<li class=\"splide__slide\">\n\t\t\t\t\t\t<img decoding=\"async\" src=\"https:\/\/dev.campusdescriptura.com\/wp-content\/uploads\/2026\/03\/RACC-1.webp\" alt=\"\" \/>\n\t\t\t\t\t<\/li>\n\t\t\t\t\t\t\t\t\t<li class=\"splide__slide\">\n\t\t\t\t\t\t<img decoding=\"async\" src=\"https:\/\/dev.campusdescriptura.com\/wp-content\/uploads\/2026\/03\/Sense-titol-1.webp\" alt=\"\" \/>\n\t\t\t\t\t<\/li>\n\t\t\t\t\t\t\t\t\t<li class=\"splide__slide\">\n\t\t\t\t\t\t<img decoding=\"async\" src=\"https:\/\/dev.campusdescriptura.com\/wp-content\/uploads\/2026\/03\/Tresc-1.webp\" alt=\"\" \/>\n\t\t\t\t\t<\/li>\n\t\t\t\t\t\t\t\t\t<\/ul>\n\t<\/div>\n<\/div>\n<\/div><\/div>\n","protected":false},"excerpt":{"rendered":"<p>C\u00f3mo formalizar la inscripci\u00f3n 1. ACTIVAR TU PLAZA EN EL CURSO QUE QUIERAS Solo tienes que ir a la ficha del curso que quieras realizar y hacer clic en el bot\u00f3n de inscripci\u00f3n. Aqu\u00ed puedes consultar el mapa de cursos: 2. PAGAR Podr\u00e1s pagar los cursos con tarjeta de cr\u00e9dito o mediante transferencia bancaria al [&hellip;]<\/p>\n","protected":false},"author":4,"featured_media":0,"parent":0,"menu_order":0,"comment_status":"closed","ping_status":"closed","template":"","meta":{"_acf_changed":false,"inline_featured_image":false,"_uag_custom_page_level_css":"","footnotes":""},"class_list":["post-5057","page","type-page","status-publish","hentry"],"acf":[],"yoast_head":"<!-- This site is optimized with the Yoast SEO plugin v27.0 - https:\/\/yoast.com\/product\/yoast-seo-wordpress\/ -->\n<title>Matriculaci\u00f3n, descuentos y servicios - Escola d&#039;Escriptura de Ateneu Barcelon\u00e8s<\/title>\n<meta name=\"robots\" content=\"index, follow, max-snippet:-1, max-image-preview:large, max-video-preview:-1\" \/>\n<link rel=\"canonical\" href=\"https:\/\/dev.campusdescriptura.com\/es\/matriculacion-descuentos-y-servicios\/\" \/>\n<meta property=\"og:locale\" content=\"es_ES\" \/>\n<meta property=\"og:type\" content=\"article\" \/>\n<meta property=\"og:title\" content=\"Matriculaci\u00f3n, descuentos y servicios - Escola d&#039;Escriptura de Ateneu Barcelon\u00e8s\" \/>\n<meta property=\"og:description\" content=\"C\u00f3mo formalizar la inscripci\u00f3n 1. ACTIVAR TU PLAZA EN EL CURSO QUE QUIERAS Solo tienes que ir a la ficha del curso que quieras realizar y hacer clic en el bot\u00f3n de inscripci\u00f3n. Aqu\u00ed puedes consultar el mapa de cursos: 2. PAGAR Podr\u00e1s pagar los cursos con tarjeta de cr\u00e9dito o mediante transferencia bancaria al [&hellip;]\" \/>\n<meta property=\"og:url\" content=\"https:\/\/dev.campusdescriptura.com\/es\/matriculacion-descuentos-y-servicios\/\" \/>\n<meta property=\"og:site_name\" content=\"Escola d&#039;Escriptura de Ateneu Barcelon\u00e8s\" \/>\n<meta property=\"article:modified_time\" content=\"2026-03-17T12:06:24+00:00\" \/>\n<meta name=\"twitter:card\" content=\"summary_large_image\" \/>\n<meta name=\"twitter:label1\" content=\"Tiempo de lectura\" \/>\n\t<meta name=\"twitter:data1\" content=\"2 minutos\" \/>\n<script type=\"application\/ld+json\" class=\"yoast-schema-graph\">{\"@context\":\"https:\/\/schema.org\",\"@graph\":[{\"@type\":\"WebPage\",\"@id\":\"https:\/\/dev.campusdescriptura.com\/es\/matriculacion-descuentos-y-servicios\/\",\"url\":\"https:\/\/dev.campusdescriptura.com\/es\/matriculacion-descuentos-y-servicios\/\",\"name\":\"Matriculaci\u00f3n, descuentos y servicios - Escola d&#039;Escriptura de Ateneu Barcelon\u00e8s\",\"isPartOf\":{\"@id\":\"https:\/\/www.campusdescriptura.com\/#website\"},\"datePublished\":\"2025-07-25T09:20:10+00:00\",\"dateModified\":\"2026-03-17T12:06:24+00:00\",\"breadcrumb\":{\"@id\":\"https:\/\/dev.campusdescriptura.com\/es\/matriculacion-descuentos-y-servicios\/#breadcrumb\"},\"inLanguage\":\"es\",\"potentialAction\":[{\"@type\":\"ReadAction\",\"target\":[\"https:\/\/dev.campusdescriptura.com\/es\/matriculacion-descuentos-y-servicios\/\"]}]},{\"@type\":\"BreadcrumbList\",\"@id\":\"https:\/\/dev.campusdescriptura.com\/es\/matriculacion-descuentos-y-servicios\/#breadcrumb\",\"itemListElement\":[{\"@type\":\"ListItem\",\"position\":1,\"name\":\"Inici\",\"item\":\"https:\/\/www.campusdescriptura.com\/es\/\"},{\"@type\":\"ListItem\",\"position\":2,\"name\":\"Matriculaci\u00f3n, descuentos y servicios\"}]},{\"@type\":\"WebSite\",\"@id\":\"https:\/\/www.campusdescriptura.com\/#website\",\"url\":\"https:\/\/www.campusdescriptura.com\/\",\"name\":\"Escola d'escriptura\",\"description\":\"Comen\u00e7a la teva hist\u00f2ria\",\"potentialAction\":[{\"@type\":\"SearchAction\",\"target\":{\"@type\":\"EntryPoint\",\"urlTemplate\":\"https:\/\/www.campusdescriptura.com\/?s={search_term_string}\"},\"query-input\":{\"@type\":\"PropertyValueSpecification\",\"valueRequired\":true,\"valueName\":\"search_term_string\"}}],\"inLanguage\":\"es\"}]}<\/script>\n<!-- \/ Yoast SEO plugin. -->","yoast_head_json":{"title":"Matriculaci\u00f3n, descuentos y servicios - Escola d&#039;Escriptura de Ateneu Barcelon\u00e8s","robots":{"index":"index","follow":"follow","max-snippet":"max-snippet:-1","max-image-preview":"max-image-preview:large","max-video-preview":"max-video-preview:-1"},"canonical":"https:\/\/dev.campusdescriptura.com\/es\/matriculacion-descuentos-y-servicios\/","og_locale":"es_ES","og_type":"article","og_title":"Matriculaci\u00f3n, descuentos y servicios - Escola d&#039;Escriptura de Ateneu Barcelon\u00e8s","og_description":"C\u00f3mo formalizar la inscripci\u00f3n 1. ACTIVAR TU PLAZA EN EL CURSO QUE QUIERAS Solo tienes que ir a la ficha del curso que quieras realizar y hacer clic en el bot\u00f3n de inscripci\u00f3n. Aqu\u00ed puedes consultar el mapa de cursos: 2. PAGAR Podr\u00e1s pagar los cursos con tarjeta de cr\u00e9dito o mediante transferencia bancaria al [&hellip;]","og_url":"https:\/\/dev.campusdescriptura.com\/es\/matriculacion-descuentos-y-servicios\/","og_site_name":"Escola d&#039;Escriptura de Ateneu Barcelon\u00e8s","article_modified_time":"2026-03-17T12:06:24+00:00","twitter_card":"summary_large_image","twitter_misc":{"Tiempo de lectura":"2 minutos"},"schema":{"@context":"https:\/\/schema.org","@graph":[{"@type":"WebPage","@id":"https:\/\/dev.campusdescriptura.com\/es\/matriculacion-descuentos-y-servicios\/","url":"https:\/\/dev.campusdescriptura.com\/es\/matriculacion-descuentos-y-servicios\/","name":"Matriculaci\u00f3n, descuentos y servicios - Escola d&#039;Escriptura de Ateneu Barcelon\u00e8s","isPartOf":{"@id":"https:\/\/www.campusdescriptura.com\/#website"},"datePublished":"2025-07-25T09:20:10+00:00","dateModified":"2026-03-17T12:06:24+00:00","breadcrumb":{"@id":"https:\/\/dev.campusdescriptura.com\/es\/matriculacion-descuentos-y-servicios\/#breadcrumb"},"inLanguage":"es","potentialAction":[{"@type":"ReadAction","target":["https:\/\/dev.campusdescriptura.com\/es\/matriculacion-descuentos-y-servicios\/"]}]},{"@type":"BreadcrumbList","@id":"https:\/\/dev.campusdescriptura.com\/es\/matriculacion-descuentos-y-servicios\/#breadcrumb","itemListElement":[{"@type":"ListItem","position":1,"name":"Inici","item":"https:\/\/www.campusdescriptura.com\/es\/"},{"@type":"ListItem","position":2,"name":"Matriculaci\u00f3n, descuentos y servicios"}]},{"@type":"WebSite","@id":"https:\/\/www.campusdescriptura.com\/#website","url":"https:\/\/www.campusdescriptura.com\/","name":"Escola d'escriptura","description":"Comen\u00e7a la teva hist\u00f2ria","potentialAction":[{"@type":"SearchAction","target":{"@type":"EntryPoint","urlTemplate":"https:\/\/www.campusdescriptura.com\/?s={search_term_string}"},"query-input":{"@type":"PropertyValueSpecification","valueRequired":true,"valueName":"search_term_string"}}],"inLanguage":"es"}]}},"uagb_featured_image_src":{"full":false,"thumbnail":false,"medium":false,"medium_large":false,"large":false,"1536x1536":false,"2048x2048":false,"gform-image-choice-sm":false,"gform-image-choice-md":false,"gform-image-choice-lg":false,"woocommerce_thumbnail":false,"woocommerce_single":false,"woocommerce_gallery_thumbnail":false},"uagb_author_info":{"display_name":"Anna","author_link":"https:\/\/dev.campusdescriptura.com\/es\/author\/anna\/"},"uagb_comment_info":0,"uagb_excerpt":"C\u00f3mo formalizar la inscripci\u00f3n 1. ACTIVAR TU PLAZA EN EL CURSO QUE QUIERAS Solo tienes que ir a la ficha del curso que quieras realizar y hacer clic en el bot\u00f3n de inscripci\u00f3n. Aqu\u00ed puedes consultar el mapa de cursos: 2. PAGAR Podr\u00e1s pagar los cursos con tarjeta de cr\u00e9dito o mediante transferencia bancaria al&hellip;","_links":{"self":[{"href":"https:\/\/dev.campusdescriptura.com\/es\/wp-json\/wp\/v2\/pages\/5057","targetHints":{"allow":["GET"]}}],"collection":[{"href":"https:\/\/dev.campusdescriptura.com\/es\/wp-json\/wp\/v2\/pages"}],"about":[{"href":"https:\/\/dev.campusdescriptura.com\/es\/wp-json\/wp\/v2\/types\/page"}],"author":[{"embeddable":true,"href":"https:\/\/dev.campusdescriptura.com\/es\/wp-json\/wp\/v2\/users\/4"}],"replies":[{"embeddable":true,"href":"https:\/\/dev.campusdescriptura.com\/es\/wp-json\/wp\/v2\/comments?post=5057"}],"version-history":[{"count":2,"href":"https:\/\/dev.campusdescriptura.com\/es\/wp-json\/wp\/v2\/pages\/5057\/revisions"}],"predecessor-version":[{"id":6297,"href":"https:\/\/dev.campusdescriptura.com\/es\/wp-json\/wp\/v2\/pages\/5057\/revisions\/6297"}],"wp:attachment":[{"href":"https:\/\/dev.campusdescriptura.com\/es\/wp-json\/wp\/v2\/media?parent=5057"}],"curies":[{"name":"wp","href":"https:\/\/api.w.org\/{rel}","templated":true}]}}