{"id":5143,"date":"2025-06-16T15:16:56","date_gmt":"2025-06-16T15:16:56","guid":{"rendered":"https:\/\/sandbox.campusdescriptura.com\/?page_id=5143"},"modified":"2026-02-12T15:05:28","modified_gmt":"2026-02-12T15:05:28","slug":"preguntas-frecuentes","status":"publish","type":"page","link":"https:\/\/dev.campusdescriptura.com\/es\/preguntas-frecuentes\/","title":{"rendered":"Preguntas frecuentes"},"content":{"rendered":"\n<div class=\"wp-block-uagb-container uagb-block-0a9b968d alignfull uagb-is-root-container\"><div class=\"uagb-container-inner-blocks-wrap\"><div class=\"container mb-16 grid curs-content gap-12\" x-data=\"{ category: null }\">\n    <ul class=\"flex flex-col gap-2 mb-4 curs-nav\">\n        <li><button @click=\"category = null\" x-bind:class=\"{'is-active': category === null}\">Todo<\/button><\/li>\n\t\t\t\t\t<li><button @click=\"category = 'financiacion-y-descuentos'\" x-bind:class=\"{'is-active': category === 'financiacion-y-descuentos'}\">Financiaci\u00f3n y descuentos<\/button><\/li>\n\t\t\t\t\t<li><button @click=\"category = 'cursos'\" x-bind:class=\"{'is-active': category === 'cursos'}\">Cursos<\/button><\/li>\n\t\t\t\t\t<li><button @click=\"category = 'la-escuela'\" x-bind:class=\"{'is-active': category === 'la-escuela'}\">La Escuela<\/button><\/li>\n\t\t\t\t\t<li><button @click=\"category = 'matriculacion'\" x-bind:class=\"{'is-active': category === 'matriculacion'}\">Matriculaci\u00f3n<\/button><\/li>\n\t\t    <\/ul>\n    <div class=\"border-y border-gray divide-y divide-gray\">\n\t\t\t\t\t\t\t\t<div x-show=\"!category || category === 'financiacion-y-descuentos'\">\n        \t\t<details class=\"details\">\n    <summary class=\"text-xl font-semibold py-4 flex cursor-pointer\">\n        <span class=\"flex-grow\">Si soy familiar o amistad de un socio\/a o de una persona titular de una entidad colaboradora de la Escuela, \u00bfpuedo acogerme al descuento?<\/span>\n    <\/summary>\n    <div class=\"py-4 page-content\">\n\t\t<!-- wp:paragraph {\"translatedWithWPMLTM\":\"1\"} -->\n<p>No. Solo las personas titulares o socios\/as de las entidades colaboradoras con la Escuela pueden acogerse al descuento en el precio de los cursos presenciales o virtuales. <\/p>\n<!-- \/wp:paragraph --><!-- wp:paragraph -->\n<p><\/p>\n<!-- \/wp:paragraph -->    <\/div>\n<\/details>\t\t\t<\/div>\n\t\t\t\t\t\t<div x-show=\"!category || category === 'financiacion-y-descuentos'\">\n        \t\t<details class=\"details\">\n    <summary class=\"text-xl font-semibold py-4 flex cursor-pointer\">\n        <span class=\"flex-grow\">\u00bfPuedo financiar los cursos de la Escuela?<\/span>\n    <\/summary>\n    <div class=\"py-4 page-content\">\n\t\t<!-- wp:paragraph -->\n<p>S\u00ed. Con\u00a0<em><a href=\"https:\/\/campusdescriptura.com\/p\/CA\/Instantcredit-BancSabadell\" target=\"_blank\" rel=\"noreferrer noopener\">InstantCredit<\/a>\u00a0<\/em>de Banc Sabadell<em>.<\/em>\u00a0Es un sistema de financiaci\u00f3n instant\u00e1nea y 100% digital de Banc Sabadell. \u00a1Ah\u00f3rrate el papeleo! Encontrar\u00e1s toda la informaci\u00f3n\u00a0<a href=\"https:\/\/campusdescriptura.com\/p\/CA\/Instantcredit-BancSabadell\" target=\"_blank\" rel=\"noreferrer noopener\">AQU\u00cd<\/a>.<\/p>\n<!-- \/wp:paragraph -->\n\n<!-- wp:paragraph -->\n<p><\/p>\n<!-- \/wp:paragraph -->    <\/div>\n<\/details>\t\t\t<\/div>\n\t\t\t\t\t\t<div x-show=\"!category || category === ''\">\n        \t\t<details class=\"details\">\n    <summary class=\"text-xl font-semibold py-4 flex cursor-pointer\">\n        <span class=\"flex-grow\">\u00bfC\u00f3mo puedo pagar la matr\u00edcula de un curso?<\/span>\n    <\/summary>\n    <div class=\"py-4 page-content\">\n\t\t<!-- wp:paragraph -->\n<p>Puedes pagar el importe de la matr\u00edcula con tarjeta de cr\u00e9dito o mediante transferencia bancaria; debes abonarlo en el momento de formalizar la matr\u00edcula y en un solo pago.<\/p>\n<!-- \/wp:paragraph -->\n\n<!-- wp:paragraph -->\n<p>Excepcionalmente, si te matriculas en julio en un curso que comienza en octubre, podr\u00e1s pagarlo en dos plazos: una mitad en julio (en el momento de rellenar la ficha de inscripci\u00f3n) y la otra mitad en septiembre, antes del inicio del curso. (V\u00e1lido para cursos de 45, 60 y 90 horas).<\/p>\n<!-- \/wp:paragraph -->\n\n<!-- wp:paragraph -->\n<p><\/p>\n<!-- \/wp:paragraph -->    <\/div>\n<\/details>\t\t\t<\/div>\n\t\t\t\t\t\t<div x-show=\"!category || category === ''\">\n        \t\t<details class=\"details\">\n    <summary class=\"text-xl font-semibold py-4 flex cursor-pointer\">\n        <span class=\"flex-grow\">\u00bfSe facilita alguna clase de certificado al acabar el curso?<\/span>\n    <\/summary>\n    <div class=\"py-4 page-content\">\n\t\t<!-- wp:paragraph -->\n<p>Al terminar un curso en la Escuela de Escritura, puedes solicitar un certificado de asistencia y aprovechamiento, siempre que hayas asistido al menos al 80% de las clases. Para solicitar el certificado, clica <a href=\"https:\/\/www.campusdescriptura.com\/es\/solicitud-de-certificados\/\" data-type=\"link\" data-id=\"https:\/\/www.campusdescriptura.com\/sollicitud-de-certificats\/\">aqu\u00ed<\/a>.<\/p>\n<!-- \/wp:paragraph -->    <\/div>\n<\/details>\t\t\t<\/div>\n\t\t\t\t\t\t<div x-show=\"!category || category === ''\">\n        \t\t<details class=\"details\">\n    <summary class=\"text-xl font-semibold py-4 flex cursor-pointer\">\n        <span class=\"flex-grow\">\u00bfQu\u00e9 puedo hacer como socio\/a del Ateneu Barcelon\u00e8s?<\/span>\n    <\/summary>\n    <div class=\"py-4 page-content\">\n\t\t<!-- wp:paragraph -->\n<p>La matr\u00edcula en un curso presencial en aula de la Escuela de Escritura incluye la cuota de socio\/a del Ateneu Barcelon\u00e8s. Esto significa que toda persona inscrita en este formato de curso pasa a ser socia del Ateneu, pero solo durante el per\u00edodo de tiempo que dure el curso en el que se ha matriculado.<\/p>\n<!-- \/wp:paragraph -->\n\n<!-- wp:paragraph -->\n<p>Al matricularte se te facilitar\u00e1 un carnet de socio\/a que te da derecho a los siguientes servicios:<\/p>\n<!-- \/wp:paragraph -->\n\n<!-- wp:paragraph -->\n<p><\/p>\n<!-- \/wp:paragraph -->\n\n<!-- wp:list -->\n<ul class=\"wp-block-list\"><!-- wp:list-item -->\n<li>Biblioteca y hemeroteca: consulta y pr\u00e9stamo (m\u00e1s informaci\u00f3n en la web <a href=\"http:\/\/biblioteca.ateneubcn.org\">http:\/\/biblioteca.ateneubcn.org<\/a>)<\/li>\n<!-- \/wp:list-item -->\n\n<!-- wp:list-item -->\n<li>Jard\u00edn Rom\u00e1ntico y servicio de bar del Ateneu<\/li>\n<!-- \/wp:list-item -->\n\n<!-- wp:list-item -->\n<li>20% de descuento en el restaurante ATN<\/li>\n<!-- \/wp:list-item -->\n\n<!-- wp:list-item -->\n<li>Informaci\u00f3n puntual sobre los actos del Ateneu<\/li>\n<!-- \/wp:list-item -->\n\n<!-- wp:list-item -->\n<li>Recepci\u00f3n del bolet\u00edn <em>Ateneu al d\u00eda<\/em> (bolet\u00edn electr\u00f3nico semanal)<\/li>\n<!-- \/wp:list-item -->\n\n<!-- wp:list-item -->\n<li>Para otros servicios y ventajas que ofrece el Ateneu Barcelon\u00e8s, consulta la web: <a href=\"http:\/\/www.ateneubcn.cat\">www.ateneubcn.cat<\/a><\/li>\n<!-- \/wp:list-item --><\/ul>\n<!-- \/wp:list -->\n\n<!-- wp:paragraph -->\n<p><\/p>\n<!-- \/wp:paragraph -->    <\/div>\n<\/details>\t\t\t<\/div>\n\t\t\t\t\t\t<div x-show=\"!category || category === ''\">\n        \t\t<details class=\"details\">\n    <summary class=\"text-xl font-semibold py-4 flex cursor-pointer\">\n        <span class=\"flex-grow\">\u00bfCu\u00e1les son las diferencias entre los cursos presenciales y los virtuales?<\/span>\n    <\/summary>\n    <div class=\"py-4 page-content\">\n\t\t<!-- wp:paragraph -->\n<p>La diferencia m\u00e1s importante es que en los cursos virtuales puedes consultar en cualquier momento todos los contenidos y actividades realizadas durante el curso.<\/p>\n<!-- \/wp:paragraph -->\n\n<!-- wp:paragraph -->\n<p>Esta modalidad corresponde a lo que se denomina formaci\u00f3n <strong>as\u00edncrona<\/strong>. No es necesario conectarse en el momento exacto en que se entrega el contenido te\u00f3rico o se realiza una actividad: puedes acceder m\u00e1s adelante para consultar tanto el material did\u00e1ctico como los comentarios generados en cada actividad (por ejemplo, revisar en diferido los chats desarrollados durante el curso).<\/p>\n<!-- \/wp:paragraph -->\n\n<!-- wp:paragraph -->\n<p>Un equipo de docentes de la Escuela ha redactado los contenidos, ejercicios y actividades de las unidades did\u00e1cticas de los cursos virtuales, con una estructura y un estilo especialmente pensados para el entorno digital.<\/p>\n<!-- \/wp:paragraph -->\n\n<!-- wp:paragraph -->\n<p>El curso presencial de Narrativa se estructura en 3 horas de clase por semana, mientras que el curso virtual de Narrativa se organiza en quincenas did\u00e1cticas de estudio, donde se trabajan la unidad did\u00e1ctica correspondiente y las actividades programadas.<\/p>\n<!-- \/wp:paragraph -->\n\n<!-- wp:paragraph -->\n<p>En los cursos virtuales dispones de herramientas inform\u00e1ticas que facilitan tu interacci\u00f3n con el profesorado y el resto de alumnos del curso: foros de debate, chats, correo interno, v\u00eddeos de bienvenida de la Escuela y del profesorado, videocorrecciones de los ejercicios, calendario personal de actividades del curso, etc.<\/p>\n<!-- \/wp:paragraph -->    <\/div>\n<\/details>\t\t\t<\/div>\n\t\t\t\t\t\t<div x-show=\"!category || category === 'cursos'\">\n        \t\t<details class=\"details\">\n    <summary class=\"text-xl font-semibold py-4 flex cursor-pointer\">\n        <span class=\"flex-grow\">\u00bfC\u00f3mo se entregan los ejercicios en los cursos virtuales?<\/span>\n    <\/summary>\n    <div class=\"py-4 page-content\">\n\t\t<!-- wp:paragraph -->\n<p>El campus virtual de la Escuela dispone de un m\u00f3dulo de env\u00edo de archivos donde podr\u00e1s seleccionar el archivo .doc desde tu ordenador.<\/p>\n<!-- \/wp:paragraph -->\n\n<!-- wp:paragraph -->\n<p>Autom\u00e1ticamente, el m\u00f3dulo publica el documento con tu ejercicio en el directorio privado del curso para que lo reciba el profesor o la profesora.<\/p>\n<!-- \/wp:paragraph -->\n\n<!-- wp:paragraph -->\n<p><\/p>\n<!-- \/wp:paragraph -->    <\/div>\n<\/details>\t\t\t<\/div>\n\t\t\t\t\t\t<div x-show=\"!category || category === 'cursos'\">\n        \t\t<details class=\"details\">\n    <summary class=\"text-xl font-semibold py-4 flex cursor-pointer\">\n        <span class=\"flex-grow\">\u00bfCu\u00e1les son las similitudes entre los cursos presenciales y los virtuales?<\/span>\n    <\/summary>\n    <div class=\"py-4 page-content\">\n\t\t<!-- wp:paragraph -->\n<p>Los objetivos de los cursos de Narrativa son los mismos tanto para los cursos virtuales como para los presenciales: ense\u00f1ar las t\u00e9cnicas del oficio de escribir y estimular la creatividad del alumnado. El profesorado de los cursos virtuales es el mismo que imparte las clases presenciales de Narrativa en la Escuela.<\/p>\n<!-- \/wp:paragraph -->\n\n<!-- wp:paragraph -->\n<p>Tanto el contenido te\u00f3rico como los ejercicios del curso de Narrativa son los mismos en ambas modalidades; puedes pasar de un curso presencial a uno virtual (y viceversa) de un a\u00f1o a otro dentro del Itinerario de Narrativa.<\/p>\n<!-- \/wp:paragraph -->\n\n<!-- wp:paragraph -->\n<p><\/p>\n<!-- \/wp:paragraph -->    <\/div>\n<\/details>\t\t\t<\/div>\n\t\t\t\t\t\t<div x-show=\"!category || category === ''\">\n        \t\t<details class=\"details\">\n    <summary class=\"text-xl font-semibold py-4 flex cursor-pointer\">\n        <span class=\"flex-grow\">\u00bfSe facilita alguna clase de certificado al acabar el curso?<\/span>\n    <\/summary>\n    <div class=\"py-4 page-content\">\n\t\t<!-- wp:paragraph -->\n<p>Al finalizar un curso en la Escuela de Escritura, puedes solicitar un certificado de asistencia y aprovechamiento, siempre que hayas asistido al menos al 80% de las clases.<\/p>\n<!-- \/wp:paragraph -->\n\n<!-- wp:paragraph -->\n<p>Para solicitar el certificado, clica aqu\u00ed >><\/p>\n<!-- \/wp:paragraph -->\n\n<!-- wp:paragraph -->\n<p><\/p>\n<!-- \/wp:paragraph -->    <\/div>\n<\/details>\t\t\t<\/div>\n\t\t\t\t\t\t<div x-show=\"!category || category === 'matriculacion'\">\n        \t\t<details class=\"details\">\n    <summary class=\"text-xl font-semibold py-4 flex cursor-pointer\">\n        <span class=\"flex-grow\">\u00bfQu\u00e9 documentaci\u00f3n es necesaria para matricularme en un curso de la Escuela?<\/span>\n    <\/summary>\n    <div class=\"py-4 page-content\">\n\t\t<!-- wp:paragraph -->\n<p>No necesitas aportar ninguna documentaci\u00f3n especial. Si es la primera vez que te inscribes en la Escuela, se abrir\u00e1 una ficha de alumno\/a con tus datos personales.<\/p>\n<!-- \/wp:paragraph -->    <\/div>\n<\/details>\t\t\t<\/div>\n\t\t\t\t\t\t<div x-show=\"!category || category === 'la-escuela'\">\n        \t\t<details class=\"details\">\n    <summary class=\"text-xl font-semibold py-4 flex cursor-pointer\">\n        <span class=\"flex-grow\">\u00bfEs necesario tener nivel o estudios previos para hacer un curso de la Escuela?<\/span>\n    <\/summary>\n    <div class=\"py-4 page-content\">\n\t\t<!-- wp:paragraph -->\n<p>En general, la Escuela no exige un nivel de conocimientos o formaci\u00f3n para poder acceder. Solo en algunos cursos el alumnado debe realizar una prueba previa.<\/p>\n<!-- \/wp:paragraph -->\n\n<!-- wp:paragraph -->\n<p><\/p>\n<!-- \/wp:paragraph -->    <\/div>\n<\/details>\t\t\t<\/div>\n\t\t\t\t\t\t<div x-show=\"!category || category === 'la-escuela'\">\n        \t\t<details class=\"details\">\n    <summary class=\"text-xl font-semibold py-4 flex cursor-pointer\">\n        <span class=\"flex-grow\">\u00bfQu\u00e9 es la Escuela de Escritura?<\/span>\n    <\/summary>\n    <div class=\"py-4 page-content\">\n\t\t<!-- wp:paragraph -->\n<p>La Escuela es un centro de formaci\u00f3n que pone a disposici\u00f3n de todas las personas que deseen acudir las herramientas y t\u00e9cnicas propias del oficio de escribir.<\/p>\n<!-- \/wp:paragraph -->\n\n<!-- wp:paragraph -->\n<p>El objetivo es dar a conocer las artes y los oficios de la palabra a amantes de la lengua y la literatura que quieran convertir su pasi\u00f3n en oficio, y profundizar en el placer de la lectura y la escritura.<\/p>\n<!-- \/wp:paragraph -->\n\n<!-- wp:paragraph -->\n<p>Todo ello mediante una atenci\u00f3n personalizada (el n\u00famero de alumnas y alumnos por grupo est\u00e1 estrictamente limitado).<\/p>\n<!-- \/wp:paragraph -->\n\n<!-- wp:paragraph -->\n<p><\/p>\n<!-- \/wp:paragraph -->    <\/div>\n<\/details>\t\t\t<\/div>\n\t\t\t\t\t\t\t    <\/div>\n<\/div><\/div><\/div>\n","protected":false},"excerpt":{"rendered":"","protected":false},"author":5,"featured_media":0,"parent":0,"menu_order":0,"comment_status":"closed","ping_status":"closed","template":"","meta":{"_acf_changed":false,"inline_featured_image":false,"_uag_custom_page_level_css":"","footnotes":""},"class_list":["post-5143","page","type-page","status-publish","hentry"],"acf":[],"yoast_head":"<!-- This site is optimized with the Yoast SEO plugin v27.0 - https:\/\/yoast.com\/product\/yoast-seo-wordpress\/ -->\n<title>Preguntas frecuentes - Escola d&#039;Escriptura de Ateneu Barcelon\u00e8s<\/title>\n<meta name=\"robots\" content=\"index, follow, max-snippet:-1, max-image-preview:large, max-video-preview:-1\" \/>\n<link rel=\"canonical\" href=\"https:\/\/dev.campusdescriptura.com\/es\/preguntas-frecuentes\/\" \/>\n<meta property=\"og:locale\" content=\"es_ES\" \/>\n<meta property=\"og:type\" content=\"article\" \/>\n<meta property=\"og:title\" content=\"Preguntas frecuentes - Escola d&#039;Escriptura de Ateneu Barcelon\u00e8s\" \/>\n<meta property=\"og:url\" content=\"https:\/\/dev.campusdescriptura.com\/es\/preguntas-frecuentes\/\" \/>\n<meta property=\"og:site_name\" content=\"Escola d&#039;Escriptura de Ateneu Barcelon\u00e8s\" \/>\n<meta property=\"article:modified_time\" content=\"2026-02-12T15:05:28+00:00\" \/>\n<meta name=\"twitter:card\" content=\"summary_large_image\" \/>\n<script type=\"application\/ld+json\" class=\"yoast-schema-graph\">{\"@context\":\"https:\/\/schema.org\",\"@graph\":[{\"@type\":\"WebPage\",\"@id\":\"https:\/\/dev.campusdescriptura.com\/es\/preguntas-frecuentes\/\",\"url\":\"https:\/\/dev.campusdescriptura.com\/es\/preguntas-frecuentes\/\",\"name\":\"Preguntas frecuentes - Escola d&#039;Escriptura de Ateneu Barcelon\u00e8s\",\"isPartOf\":{\"@id\":\"https:\/\/www.campusdescriptura.com\/#website\"},\"datePublished\":\"2025-06-16T15:16:56+00:00\",\"dateModified\":\"2026-02-12T15:05:28+00:00\",\"breadcrumb\":{\"@id\":\"https:\/\/dev.campusdescriptura.com\/es\/preguntas-frecuentes\/#breadcrumb\"},\"inLanguage\":\"es\",\"potentialAction\":[{\"@type\":\"ReadAction\",\"target\":[\"https:\/\/dev.campusdescriptura.com\/es\/preguntas-frecuentes\/\"]}]},{\"@type\":\"BreadcrumbList\",\"@id\":\"https:\/\/dev.campusdescriptura.com\/es\/preguntas-frecuentes\/#breadcrumb\",\"itemListElement\":[{\"@type\":\"ListItem\",\"position\":1,\"name\":\"Inici\",\"item\":\"https:\/\/www.campusdescriptura.com\/es\/\"},{\"@type\":\"ListItem\",\"position\":2,\"name\":\"Preguntas frecuentes\"}]},{\"@type\":\"WebSite\",\"@id\":\"https:\/\/www.campusdescriptura.com\/#website\",\"url\":\"https:\/\/www.campusdescriptura.com\/\",\"name\":\"Escola d'escriptura\",\"description\":\"Comen\u00e7a la teva hist\u00f2ria\",\"potentialAction\":[{\"@type\":\"SearchAction\",\"target\":{\"@type\":\"EntryPoint\",\"urlTemplate\":\"https:\/\/www.campusdescriptura.com\/?s={search_term_string}\"},\"query-input\":{\"@type\":\"PropertyValueSpecification\",\"valueRequired\":true,\"valueName\":\"search_term_string\"}}],\"inLanguage\":\"es\"}]}<\/script>\n<!-- \/ Yoast SEO plugin. -->","yoast_head_json":{"title":"Preguntas frecuentes - Escola d&#039;Escriptura de Ateneu Barcelon\u00e8s","robots":{"index":"index","follow":"follow","max-snippet":"max-snippet:-1","max-image-preview":"max-image-preview:large","max-video-preview":"max-video-preview:-1"},"canonical":"https:\/\/dev.campusdescriptura.com\/es\/preguntas-frecuentes\/","og_locale":"es_ES","og_type":"article","og_title":"Preguntas frecuentes - Escola d&#039;Escriptura de Ateneu Barcelon\u00e8s","og_url":"https:\/\/dev.campusdescriptura.com\/es\/preguntas-frecuentes\/","og_site_name":"Escola d&#039;Escriptura de Ateneu Barcelon\u00e8s","article_modified_time":"2026-02-12T15:05:28+00:00","twitter_card":"summary_large_image","schema":{"@context":"https:\/\/schema.org","@graph":[{"@type":"WebPage","@id":"https:\/\/dev.campusdescriptura.com\/es\/preguntas-frecuentes\/","url":"https:\/\/dev.campusdescriptura.com\/es\/preguntas-frecuentes\/","name":"Preguntas frecuentes - Escola d&#039;Escriptura de Ateneu Barcelon\u00e8s","isPartOf":{"@id":"https:\/\/www.campusdescriptura.com\/#website"},"datePublished":"2025-06-16T15:16:56+00:00","dateModified":"2026-02-12T15:05:28+00:00","breadcrumb":{"@id":"https:\/\/dev.campusdescriptura.com\/es\/preguntas-frecuentes\/#breadcrumb"},"inLanguage":"es","potentialAction":[{"@type":"ReadAction","target":["https:\/\/dev.campusdescriptura.com\/es\/preguntas-frecuentes\/"]}]},{"@type":"BreadcrumbList","@id":"https:\/\/dev.campusdescriptura.com\/es\/preguntas-frecuentes\/#breadcrumb","itemListElement":[{"@type":"ListItem","position":1,"name":"Inici","item":"https:\/\/www.campusdescriptura.com\/es\/"},{"@type":"ListItem","position":2,"name":"Preguntas frecuentes"}]},{"@type":"WebSite","@id":"https:\/\/www.campusdescriptura.com\/#website","url":"https:\/\/www.campusdescriptura.com\/","name":"Escola d'escriptura","description":"Comen\u00e7a la teva hist\u00f2ria","potentialAction":[{"@type":"SearchAction","target":{"@type":"EntryPoint","urlTemplate":"https:\/\/www.campusdescriptura.com\/?s={search_term_string}"},"query-input":{"@type":"PropertyValueSpecification","valueRequired":true,"valueName":"search_term_string"}}],"inLanguage":"es"}]}},"uagb_featured_image_src":{"full":false,"thumbnail":false,"medium":false,"medium_large":false,"large":false,"1536x1536":false,"2048x2048":false,"gform-image-choice-sm":false,"gform-image-choice-md":false,"gform-image-choice-lg":false,"woocommerce_thumbnail":false,"woocommerce_single":false,"woocommerce_gallery_thumbnail":false},"uagb_author_info":{"display_name":"Equipo de redacci\u00f3n","author_link":"https:\/\/dev.campusdescriptura.com\/es\/author\/tam\/"},"uagb_comment_info":0,"uagb_excerpt":null,"_links":{"self":[{"href":"https:\/\/dev.campusdescriptura.com\/es\/wp-json\/wp\/v2\/pages\/5143","targetHints":{"allow":["GET"]}}],"collection":[{"href":"https:\/\/dev.campusdescriptura.com\/es\/wp-json\/wp\/v2\/pages"}],"about":[{"href":"https:\/\/dev.campusdescriptura.com\/es\/wp-json\/wp\/v2\/types\/page"}],"author":[{"embeddable":true,"href":"https:\/\/dev.campusdescriptura.com\/es\/wp-json\/wp\/v2\/users\/5"}],"replies":[{"embeddable":true,"href":"https:\/\/dev.campusdescriptura.com\/es\/wp-json\/wp\/v2\/comments?post=5143"}],"version-history":[{"count":1,"href":"https:\/\/dev.campusdescriptura.com\/es\/wp-json\/wp\/v2\/pages\/5143\/revisions"}],"predecessor-version":[{"id":5144,"href":"https:\/\/dev.campusdescriptura.com\/es\/wp-json\/wp\/v2\/pages\/5143\/revisions\/5144"}],"wp:attachment":[{"href":"https:\/\/dev.campusdescriptura.com\/es\/wp-json\/wp\/v2\/media?parent=5143"}],"curies":[{"name":"wp","href":"https:\/\/api.w.org\/{rel}","templated":true}]}}